{"id":117,"date":"2022-03-07T08:18:48","date_gmt":"2022-03-07T07:18:48","guid":{"rendered":"https:\/\/www.pmhouse.eu\/?page_id=117"},"modified":"2022-03-14T07:18:03","modified_gmt":"2022-03-14T06:18:03","slug":"poradny-vybor","status":"publish","type":"page","link":"https:\/\/www.pmhouse.eu\/?page_id=117","title":{"rendered":"Poradn\u00fd v\u00fdbor"},"content":{"rendered":"\n<p>Dokumenty na stahnutie:<\/p>\n\n\n\n<div class=\"wp-block-file\"><object class=\"wp-block-file__embed\" data=\"https:\/\/www.pmhouse.eu\/wp-content\/uploads\/2022\/03\/Cestne-vyhlasenie-hlasujuceho-pisomny-suhlas.pdf\" type=\"application\/pdf\" style=\"width:100%;height:600px\" aria-label=\"Vlo\u017ei\u0165 \u010cestn\u00e9 vyhl\u00e1senie hlasuj\u00faceho + p\u00edsomn\u00fd s\u00fahlas.\"><\/object><a id=\"wp-block-file--media-7fa6ed04-7712-41a6-9442-ca016d394d56\" href=\"https:\/\/www.pmhouse.eu\/wp-content\/uploads\/2022\/03\/Cestne-vyhlasenie-hlasujuceho-pisomny-suhlas.pdf\">\u010cestn\u00e9 vyhl\u00e1senie hlasuj\u00faceho + p\u00edsomn\u00fd s\u00fahlas<\/a><a href=\"https:\/\/www.pmhouse.eu\/wp-content\/uploads\/2022\/03\/Cestne-vyhlasenie-hlasujuceho-pisomny-suhlas.pdf\" class=\"wp-block-file__button\" download aria-describedby=\"wp-block-file--media-7fa6ed04-7712-41a6-9442-ca016d394d56\">Stiahnu\u0165<\/a><\/div>\n\n\n\n<div class=\"wp-block-file\"><object class=\"wp-block-file__embed\" data=\"https:\/\/www.pmhouse.eu\/wp-content\/uploads\/2022\/03\/Kandidacny-formular-kandidata-na-clena-PV-pisomny-suhlas.pdf\" type=\"application\/pdf\" style=\"width:100%;height:600px\" aria-label=\"Vlo\u017ei\u0165 Kandida\u010dn\u00fd formul\u00e1r kandid\u00e1ta na \u010dlena PV + p\u00edsomn\u00fd s\u00fahlas.\"><\/object><a id=\"wp-block-file--media-1915681f-aef7-448a-b0a1-c55f94bbebeb\" href=\"https:\/\/www.pmhouse.eu\/wp-content\/uploads\/2022\/03\/Kandidacny-formular-kandidata-na-clena-PV-pisomny-suhlas.pdf\">Kandida\u010dn\u00fd formul\u00e1r kandid\u00e1ta na \u010dlena PV + p\u00edsomn\u00fd s\u00fahlas<\/a><a href=\"https:\/\/www.pmhouse.eu\/wp-content\/uploads\/2022\/03\/Kandidacny-formular-kandidata-na-clena-PV-pisomny-suhlas.pdf\" class=\"wp-block-file__button\" download aria-describedby=\"wp-block-file--media-1915681f-aef7-448a-b0a1-c55f94bbebeb\">Stiahnu\u0165<\/a><\/div>\n\n\n\n<div class=\"wp-block-file\"><object class=\"wp-block-file__embed\" data=\"https:\/\/www.pmhouse.eu\/wp-content\/uploads\/2022\/03\/Oznamenie-o-konani-volieb-do-PV-PM-house-s.-r.-o.pdf\" type=\"application\/pdf\" style=\"width:100%;height:600px\" aria-label=\"Vlo\u017ei\u0165 Ozn\u00e1menie o konan\u00ed volieb do PV P&amp;M house, s. r. o.\"><\/object><a id=\"wp-block-file--media-472e3f9c-894d-49cd-9585-935f11963319\" href=\"https:\/\/www.pmhouse.eu\/wp-content\/uploads\/2022\/03\/Oznamenie-o-konani-volieb-do-PV-PM-house-s.-r.-o.pdf\">Ozn\u00e1menie o konan\u00ed volieb do PV P&amp;M house, s. r. o<\/a><a href=\"https:\/\/www.pmhouse.eu\/wp-content\/uploads\/2022\/03\/Oznamenie-o-konani-volieb-do-PV-PM-house-s.-r.-o.pdf\" class=\"wp-block-file__button\" download aria-describedby=\"wp-block-file--media-472e3f9c-894d-49cd-9585-935f11963319\">Stiahnu\u0165<\/a><\/div>\n\n\n\n<div class=\"wp-block-file\"><object class=\"wp-block-file__embed\" data=\"https:\/\/www.pmhouse.eu\/wp-content\/uploads\/2022\/03\/Kandidatna-listina.pdf\" type=\"application\/pdf\" style=\"width:100%;height:600px\" aria-label=\"Vlo\u017ei\u0165 Kandid\u00e1tna listina.\"><\/object><a id=\"wp-block-file--media-57eb6e75-d751-4a39-b77b-39c0eaa314af\" href=\"https:\/\/www.pmhouse.eu\/wp-content\/uploads\/2022\/03\/Kandidatna-listina.pdf\">Kandid\u00e1tna listina<\/a><a href=\"https:\/\/www.pmhouse.eu\/wp-content\/uploads\/2022\/03\/Kandidatna-listina.pdf\" class=\"wp-block-file__button\" download aria-describedby=\"wp-block-file--media-57eb6e75-d751-4a39-b77b-39c0eaa314af\">Stiahnu\u0165<\/a><\/div>\n","protected":false},"excerpt":{"rendered":"<p>Dokumenty na stahnutie:<\/p>\n","protected":false},"author":1,"featured_media":0,"parent":0,"menu_order":0,"comment_status":"closed","ping_status":"closed","template":"","meta":{"_monsterinsights_skip_tracking":false,"_monsterinsights_sitenote_active":false,"_monsterinsights_sitenote_note":"","_monsterinsights_sitenote_category":0,"neve_meta_sidebar":"","neve_meta_container":"","neve_meta_enable_content_width":"","neve_meta_content_width":0,"neve_meta_title_alignment":"","neve_meta_author_avatar":"","neve_post_elements_order":"","neve_meta_disable_header":"","neve_meta_disable_footer":"","neve_meta_disable_title":""},"yoast_head":"<!-- This site is optimized with the Yoast SEO plugin v20.6 - https:\/\/yoast.com\/wordpress\/plugins\/seo\/ -->\n<title>Poradn\u00fd v\u00fdbor - P&amp;M house, s.r.o. RSP<\/title>\n<meta name=\"description\" content=\"Dokumenty na stiahnutie\" \/>\n<meta name=\"robots\" content=\"index, follow, max-snippet:-1, max-image-preview:large, max-video-preview:-1\" \/>\n<link rel=\"canonical\" href=\"https:\/\/www.pmhouse.eu\/?page_id=117\" \/>\n<meta property=\"og:locale\" content=\"sk_SK\" \/>\n<meta property=\"og:type\" content=\"article\" \/>\n<meta property=\"og:title\" content=\"Poradn\u00fd v\u00fdbor - P&amp;M house, s.r.o. RSP\" \/>\n<meta property=\"og:description\" content=\"Dokumenty na stiahnutie\" \/>\n<meta property=\"og:url\" content=\"https:\/\/www.pmhouse.eu\/?page_id=117\" \/>\n<meta property=\"og:site_name\" content=\"P&amp;M house, s.r.o. RSP\" \/>\n<meta property=\"article:modified_time\" content=\"2022-03-14T06:18:03+00:00\" \/>\n<meta name=\"twitter:card\" content=\"summary_large_image\" \/>\n<meta name=\"twitter:label1\" content=\"Predpokladan\u00fd \u010das \u010d\u00edtania\" \/>\n\t<meta name=\"twitter:data1\" content=\"1 min\u00fata\" \/>\n<script type=\"application\/ld+json\" class=\"yoast-schema-graph\">{\"@context\":\"https:\/\/schema.org\",\"@graph\":[{\"@type\":\"WebPage\",\"@id\":\"https:\/\/www.pmhouse.eu\/?page_id=117\",\"url\":\"https:\/\/www.pmhouse.eu\/?page_id=117\",\"name\":\"Poradn\u00fd v\u00fdbor - P&amp;M house, s.r.o. RSP\",\"isPartOf\":{\"@id\":\"https:\/\/www.pmhouse.eu\/#website\"},\"datePublished\":\"2022-03-07T07:18:48+00:00\",\"dateModified\":\"2022-03-14T06:18:03+00:00\",\"description\":\"Dokumenty na stiahnutie\",\"breadcrumb\":{\"@id\":\"https:\/\/www.pmhouse.eu\/?page_id=117#breadcrumb\"},\"inLanguage\":\"sk-SK\",\"potentialAction\":[{\"@type\":\"ReadAction\",\"target\":[\"https:\/\/www.pmhouse.eu\/?page_id=117\"]}]},{\"@type\":\"BreadcrumbList\",\"@id\":\"https:\/\/www.pmhouse.eu\/?page_id=117#breadcrumb\",\"itemListElement\":[{\"@type\":\"ListItem\",\"position\":1,\"name\":\"Home\",\"item\":\"https:\/\/www.pmhouse.eu\/\"},{\"@type\":\"ListItem\",\"position\":2,\"name\":\"Poradn\u00fd v\u00fdbor\"}]},{\"@type\":\"WebSite\",\"@id\":\"https:\/\/www.pmhouse.eu\/#website\",\"url\":\"https:\/\/www.pmhouse.eu\/\",\"name\":\"P&amp;M house, s.r.o. RSP\",\"description\":\"V\u0161etko pod jednou strechou\",\"publisher\":{\"@id\":\"https:\/\/www.pmhouse.eu\/#organization\"},\"potentialAction\":[{\"@type\":\"SearchAction\",\"target\":{\"@type\":\"EntryPoint\",\"urlTemplate\":\"https:\/\/www.pmhouse.eu\/?s={search_term_string}\"},\"query-input\":\"required name=search_term_string\"}],\"inLanguage\":\"sk-SK\"},{\"@type\":\"Organization\",\"@id\":\"https:\/\/www.pmhouse.eu\/#organization\",\"name\":\"P&amp;M house, s.r.o. RSP\",\"url\":\"https:\/\/www.pmhouse.eu\/\",\"logo\":{\"@type\":\"ImageObject\",\"inLanguage\":\"sk-SK\",\"@id\":\"https:\/\/www.pmhouse.eu\/#\/schema\/logo\/image\/\",\"url\":\"https:\/\/www.pmhouse.eu\/wp-content\/uploads\/2022\/01\/logo-hneda.png\",\"contentUrl\":\"https:\/\/www.pmhouse.eu\/wp-content\/uploads\/2022\/01\/logo-hneda.png\",\"width\":825,\"height\":442,\"caption\":\"P&amp;M house, s.r.o. RSP\"},\"image\":{\"@id\":\"https:\/\/www.pmhouse.eu\/#\/schema\/logo\/image\/\"}}]}<\/script>\n<!-- \/ Yoast SEO plugin. -->","yoast_head_json":{"title":"Poradn\u00fd v\u00fdbor - P&amp;M house, s.r.o. RSP","description":"Dokumenty na stiahnutie","robots":{"index":"index","follow":"follow","max-snippet":"max-snippet:-1","max-image-preview":"max-image-preview:large","max-video-preview":"max-video-preview:-1"},"canonical":"https:\/\/www.pmhouse.eu\/?page_id=117","og_locale":"sk_SK","og_type":"article","og_title":"Poradn\u00fd v\u00fdbor - P&amp;M house, s.r.o. RSP","og_description":"Dokumenty na stiahnutie","og_url":"https:\/\/www.pmhouse.eu\/?page_id=117","og_site_name":"P&amp;M house, s.r.o. RSP","article_modified_time":"2022-03-14T06:18:03+00:00","twitter_card":"summary_large_image","twitter_misc":{"Predpokladan\u00fd \u010das \u010d\u00edtania":"1 min\u00fata"},"schema":{"@context":"https:\/\/schema.org","@graph":[{"@type":"WebPage","@id":"https:\/\/www.pmhouse.eu\/?page_id=117","url":"https:\/\/www.pmhouse.eu\/?page_id=117","name":"Poradn\u00fd v\u00fdbor - P&amp;M house, s.r.o. RSP","isPartOf":{"@id":"https:\/\/www.pmhouse.eu\/#website"},"datePublished":"2022-03-07T07:18:48+00:00","dateModified":"2022-03-14T06:18:03+00:00","description":"Dokumenty na stiahnutie","breadcrumb":{"@id":"https:\/\/www.pmhouse.eu\/?page_id=117#breadcrumb"},"inLanguage":"sk-SK","potentialAction":[{"@type":"ReadAction","target":["https:\/\/www.pmhouse.eu\/?page_id=117"]}]},{"@type":"BreadcrumbList","@id":"https:\/\/www.pmhouse.eu\/?page_id=117#breadcrumb","itemListElement":[{"@type":"ListItem","position":1,"name":"Home","item":"https:\/\/www.pmhouse.eu\/"},{"@type":"ListItem","position":2,"name":"Poradn\u00fd v\u00fdbor"}]},{"@type":"WebSite","@id":"https:\/\/www.pmhouse.eu\/#website","url":"https:\/\/www.pmhouse.eu\/","name":"P&amp;M house, s.r.o. RSP","description":"V\u0161etko pod jednou strechou","publisher":{"@id":"https:\/\/www.pmhouse.eu\/#organization"},"potentialAction":[{"@type":"SearchAction","target":{"@type":"EntryPoint","urlTemplate":"https:\/\/www.pmhouse.eu\/?s={search_term_string}"},"query-input":"required name=search_term_string"}],"inLanguage":"sk-SK"},{"@type":"Organization","@id":"https:\/\/www.pmhouse.eu\/#organization","name":"P&amp;M house, s.r.o. RSP","url":"https:\/\/www.pmhouse.eu\/","logo":{"@type":"ImageObject","inLanguage":"sk-SK","@id":"https:\/\/www.pmhouse.eu\/#\/schema\/logo\/image\/","url":"https:\/\/www.pmhouse.eu\/wp-content\/uploads\/2022\/01\/logo-hneda.png","contentUrl":"https:\/\/www.pmhouse.eu\/wp-content\/uploads\/2022\/01\/logo-hneda.png","width":825,"height":442,"caption":"P&amp;M house, s.r.o. RSP"},"image":{"@id":"https:\/\/www.pmhouse.eu\/#\/schema\/logo\/image\/"}}]}},"_links":{"self":[{"href":"https:\/\/www.pmhouse.eu\/index.php?rest_route=\/wp\/v2\/pages\/117"}],"collection":[{"href":"https:\/\/www.pmhouse.eu\/index.php?rest_route=\/wp\/v2\/pages"}],"about":[{"href":"https:\/\/www.pmhouse.eu\/index.php?rest_route=\/wp\/v2\/types\/page"}],"author":[{"embeddable":true,"href":"https:\/\/www.pmhouse.eu\/index.php?rest_route=\/wp\/v2\/users\/1"}],"replies":[{"embeddable":true,"href":"https:\/\/www.pmhouse.eu\/index.php?rest_route=%2Fwp%2Fv2%2Fcomments&post=117"}],"version-history":[{"count":2,"href":"https:\/\/www.pmhouse.eu\/index.php?rest_route=\/wp\/v2\/pages\/117\/revisions"}],"predecessor-version":[{"id":127,"href":"https:\/\/www.pmhouse.eu\/index.php?rest_route=\/wp\/v2\/pages\/117\/revisions\/127"}],"wp:attachment":[{"href":"https:\/\/www.pmhouse.eu\/index.php?rest_route=%2Fwp%2Fv2%2Fmedia&parent=117"}],"curies":[{"name":"wp","href":"https:\/\/api.w.org\/{rel}","templated":true}]}}