{"id":6,"date":"2022-01-07T07:45:57","date_gmt":"2022-01-07T06:45:57","guid":{"rendered":"https:\/\/www.pmhouse.eu\/?page_id=6"},"modified":"2022-01-07T10:26:35","modified_gmt":"2022-01-07T09:26:35","slug":"home","status":"publish","type":"page","link":"https:\/\/www.pmhouse.eu\/","title":{"rendered":"Home"},"content":{"rendered":"\n<div class=\"wp-block-cover alignfull\" style=\"min-height:600px\"><img loading=\"lazy\" width=\"1920\" height=\"650\" class=\"wp-block-cover__image-background wp-image-87\" alt=\"\" src=\"https:\/\/www.pmhouse.eu\/wp-content\/uploads\/2022\/01\/background.jpg\" style=\"object-position:50% 64%\" data-object-fit=\"cover\" data-object-position=\"50% 64%\" srcset=\"https:\/\/www.pmhouse.eu\/wp-content\/uploads\/2022\/01\/background.jpg 1920w, https:\/\/www.pmhouse.eu\/wp-content\/uploads\/2022\/01\/background-300x102.jpg 300w, https:\/\/www.pmhouse.eu\/wp-content\/uploads\/2022\/01\/background-1024x347.jpg 1024w, https:\/\/www.pmhouse.eu\/wp-content\/uploads\/2022\/01\/background-768x260.jpg 768w, https:\/\/www.pmhouse.eu\/wp-content\/uploads\/2022\/01\/background-1536x520.jpg 1536w\" sizes=\"(max-width: 1920px) 100vw, 1920px\" \/><div class=\"wp-block-cover__inner-container\">\n<div style=\"height:80px\" aria-hidden=\"true\" class=\"wp-block-spacer\"><\/div>\n\n\n\n<h1 class=\"has-text-align-center has-neve-link-hover-color-color has-text-color\"><strong>P&amp;M house, s.r.o. \u201ersp\u201c<\/strong><\/h1>\n\n\n\n<p class=\"has-text-align-center has-neve-link-hover-color-color has-text-color\" style=\"font-size:17px\"><strong><em>\u201eKto chce, h\u013ead\u00e1 sp\u00f4soby, kto nechce, h\u013ead\u00e1 d\u00f4vody.\u201c<\/em><\/strong><\/p>\n\n\n\n<div class=\"wp-container-1 wp-block-buttons is-content-justification-center\">\n<div class=\"wp-block-button is-style-primary\"><a class=\"wp-block-button__link\" href=\"https:\/\/www.pmhouse.eu\/?page_id=7\">O n\u00e1s<\/a><\/div>\n\n\n\n<div class=\"wp-block-button is-style-secondary\"><a class=\"wp-block-button__link\" href=\"https:\/\/www.pmhouse.eu\/?page_id=9\">\u010co pon\u00fakame<\/a><\/div>\n<\/div>\n\n\n\n<div style=\"height:80px\" aria-hidden=\"true\" class=\"wp-block-spacer\"><\/div>\n<\/div><\/div>\n\n\n\n<div style=\"height:80px\" aria-hidden=\"true\" class=\"wp-block-spacer\"><\/div>\n\n\n\n<div class=\"wp-container-5 wp-block-columns\">\n<div class=\"wp-container-2 wp-block-column\">\n<div class=\"wp-block-image icon-style is-style-default\"><figure class=\"aligncenter size-large\"><img src=\"https:\/\/www.pmhouse.eu\/wp-content\/themes\/neve\/assets\/img\/starter-content\/icon-01.svg\" alt=\"\"\/><\/figure><\/div>\n\n\n\n<h3 class=\"has-text-align-center has-neve-text-color-color has-text-color\">Electro install<\/h3>\n\n\n\n<p class=\"has-text-align-center\">Komplexn\u00e9 slu\u017eby v oblasti elektriky, kamerov\u00fdch syst\u00e9mov a alarmov<\/p>\n\n\n\n<div style=\"height:20px\" aria-hidden=\"true\" class=\"wp-block-spacer\"><\/div>\n<\/div>\n\n\n\n<div class=\"wp-container-3 wp-block-column\">\n<div class=\"wp-block-image icon-style is-style-default\"><figure class=\"aligncenter is-resized\"><img loading=\"lazy\" src=\"https:\/\/www.pmhouse.eu\/wp-content\/themes\/neve\/assets\/img\/starter-content\/icon-02.svg\" alt=\"\" width=\"48\" height=\"48\"\/><\/figure><\/div>\n\n\n\n<h3 class=\"has-text-align-center has-neve-text-color-color has-text-color\">Purity<\/h3>\n\n\n\n<p class=\"has-text-align-center\">\u00dadr\u017eba, \u010distenie a dezinfekcia prev\u00e1dzok, bytov a domov<\/p>\n\n\n\n<div style=\"height:20px\" aria-hidden=\"true\" class=\"wp-block-spacer\"><\/div>\n<\/div>\n\n\n\n<div class=\"wp-container-4 wp-block-column\">\n<div class=\"wp-block-image icon-style is-style-rounded\"><figure class=\"aligncenter size-large\"><img src=\"https:\/\/www.pmhouse.eu\/wp-content\/themes\/neve\/assets\/img\/starter-content\/icon-03.svg\" alt=\"\"\/><\/figure><\/div>\n\n\n\n<h3 class=\"has-text-align-center has-neve-text-color-color has-text-color\">You<\/h3>\n\n\n\n<p class=\"has-text-align-center\">Poradensk\u00e1 \u010dinnos\u0165 v oblasti podnikania a real\u00edt<\/p>\n\n\n\n<div style=\"height:20px\" aria-hidden=\"true\" class=\"wp-block-spacer\"><\/div>\n<\/div>\n<\/div>\n\n\n\n<div style=\"height:40px\" aria-hidden=\"true\" class=\"wp-block-spacer\"><\/div>\n\n\n\n<div class=\"wp-block-cover alignfull has-nv-dark-bg-background-color has-background-dim\" style=\"min-height:300px\"><div class=\"wp-block-cover__inner-container\">\n<div style=\"height:140px\" aria-hidden=\"true\" class=\"wp-block-spacer\"><\/div>\n\n\n\n<h2 class=\"has-text-align-center has-nv-text-dark-bg-color has-text-color\">Job for you<\/h2>\n\n\n\n<p class=\"has-text-align-center has-medium-font-size\"><em>Ak m\u00e1te z\u00e1ujem sta\u0165 sa stabilnou s\u00fa\u010das\u0165ou n\u00e1\u0161ho t\u00edmu nap\u00ed\u0161te n\u00e1m na ni\u017e\u0161ie uveden\u00fd kontaktn\u00fd mail. Te\u0161\u00edme sa na V\u00e1s.<\/em><\/p>\n\n\n\n<div class=\"wp-container-6 wp-block-buttons is-content-justification-center\">\n<div class=\"wp-block-button is-style-primary\"><a class=\"wp-block-button__link\" href=\"https:\/\/www.pmhouse.eu\/?pagename=kontakt\">Kontakt<\/a><\/div>\n<\/div>\n\n\n\n<div style=\"height:140px\" aria-hidden=\"true\" class=\"wp-block-spacer\"><\/div>\n<\/div><\/div>\n","protected":false},"excerpt":{"rendered":"<p>Electro install Komplexn\u00e9 slu\u017eby v oblasti elektriky, kamerov\u00fdch syst\u00e9mov a alarmov Purity \u00dadr\u017eba, \u010distenie a dezinfekcia prev\u00e1dzok, bytov a domov You Poradensk\u00e1 \u010dinnos\u0165 v oblasti podnikania a real\u00edt<\/p>\n","protected":false},"author":1,"featured_media":0,"parent":0,"menu_order":0,"comment_status":"closed","ping_status":"closed","template":"","meta":{"_monsterinsights_skip_tracking":false,"_monsterinsights_sitenote_active":false,"_monsterinsights_sitenote_note":"","_monsterinsights_sitenote_category":0,"neve_meta_sidebar":"","neve_meta_container":"","neve_meta_enable_content_width":"on","neve_meta_content_width":100,"neve_meta_title_alignment":"","neve_meta_author_avatar":"","neve_post_elements_order":"","neve_meta_disable_header":"","neve_meta_disable_footer":"","neve_meta_disable_title":"on"},"yoast_head":"<!-- This site is optimized with the Yoast SEO plugin v20.6 - https:\/\/yoast.com\/wordpress\/plugins\/seo\/ -->\n<title>Home - P&amp;M house, s.r.o. RSP<\/title>\n<meta name=\"description\" content=\"P&amp;M house, s.r.o.. Poskytovanie slu\u017eieb v oblasti elektroin\u0161tal\u00e1ci\u00ed, \u010distenia, a poradenskej \u010dinnosti v podnikan\u00ed a real\u00edt\" \/>\n<meta name=\"robots\" content=\"index, follow, max-snippet:-1, max-image-preview:large, max-video-preview:-1\" \/>\n<link rel=\"canonical\" href=\"https:\/\/www.pmhouse.eu\/\" \/>\n<meta property=\"og:locale\" content=\"sk_SK\" \/>\n<meta property=\"og:type\" content=\"article\" \/>\n<meta property=\"og:title\" content=\"Home - P&amp;M house, s.r.o. RSP\" \/>\n<meta property=\"og:description\" content=\"P&amp;M house, s.r.o.. Poskytovanie slu\u017eieb v oblasti elektroin\u0161tal\u00e1ci\u00ed, \u010distenia, a poradenskej \u010dinnosti v podnikan\u00ed a real\u00edt\" \/>\n<meta property=\"og:url\" content=\"https:\/\/www.pmhouse.eu\/\" \/>\n<meta property=\"og:site_name\" content=\"P&amp;M house, s.r.o. RSP\" \/>\n<meta property=\"article:modified_time\" content=\"2022-01-07T09:26:35+00:00\" \/>\n<meta property=\"og:image\" content=\"https:\/\/www.pmhouse.eu\/wp-content\/uploads\/2022\/01\/background.jpg\" \/>\n<meta name=\"twitter:card\" content=\"summary_large_image\" \/>\n<meta name=\"twitter:label1\" content=\"Predpokladan\u00fd \u010das \u010d\u00edtania\" \/>\n\t<meta name=\"twitter:data1\" content=\"2 min\u00faty\" \/>\n<script type=\"application\/ld+json\" class=\"yoast-schema-graph\">{\"@context\":\"https:\/\/schema.org\",\"@graph\":[{\"@type\":\"WebPage\",\"@id\":\"https:\/\/www.pmhouse.eu\/\",\"url\":\"https:\/\/www.pmhouse.eu\/\",\"name\":\"Home - P&amp;M house, s.r.o. RSP\",\"isPartOf\":{\"@id\":\"https:\/\/www.pmhouse.eu\/#website\"},\"datePublished\":\"2022-01-07T06:45:57+00:00\",\"dateModified\":\"2022-01-07T09:26:35+00:00\",\"description\":\"P&M house, s.r.o.. Poskytovanie slu\u017eieb v oblasti elektroin\u0161tal\u00e1ci\u00ed, \u010distenia, a poradenskej \u010dinnosti v podnikan\u00ed a real\u00edt\",\"breadcrumb\":{\"@id\":\"https:\/\/www.pmhouse.eu\/#breadcrumb\"},\"inLanguage\":\"sk-SK\",\"potentialAction\":[{\"@type\":\"ReadAction\",\"target\":[\"https:\/\/www.pmhouse.eu\/\"]}]},{\"@type\":\"BreadcrumbList\",\"@id\":\"https:\/\/www.pmhouse.eu\/#breadcrumb\",\"itemListElement\":[{\"@type\":\"ListItem\",\"position\":1,\"name\":\"Home\",\"item\":\"https:\/\/www.pmhouse.eu\/\"},{\"@type\":\"ListItem\",\"position\":2,\"name\":\"Home\"}]},{\"@type\":\"WebSite\",\"@id\":\"https:\/\/www.pmhouse.eu\/#website\",\"url\":\"https:\/\/www.pmhouse.eu\/\",\"name\":\"P&amp;M house, s.r.o. RSP\",\"description\":\"V\u0161etko pod jednou strechou\",\"publisher\":{\"@id\":\"https:\/\/www.pmhouse.eu\/#organization\"},\"potentialAction\":[{\"@type\":\"SearchAction\",\"target\":{\"@type\":\"EntryPoint\",\"urlTemplate\":\"https:\/\/www.pmhouse.eu\/?s={search_term_string}\"},\"query-input\":\"required name=search_term_string\"}],\"inLanguage\":\"sk-SK\"},{\"@type\":\"Organization\",\"@id\":\"https:\/\/www.pmhouse.eu\/#organization\",\"name\":\"P&amp;M house, s.r.o. RSP\",\"url\":\"https:\/\/www.pmhouse.eu\/\",\"logo\":{\"@type\":\"ImageObject\",\"inLanguage\":\"sk-SK\",\"@id\":\"https:\/\/www.pmhouse.eu\/#\/schema\/logo\/image\/\",\"url\":\"https:\/\/www.pmhouse.eu\/wp-content\/uploads\/2022\/01\/logo-hneda.png\",\"contentUrl\":\"https:\/\/www.pmhouse.eu\/wp-content\/uploads\/2022\/01\/logo-hneda.png\",\"width\":825,\"height\":442,\"caption\":\"P&amp;M house, s.r.o. RSP\"},\"image\":{\"@id\":\"https:\/\/www.pmhouse.eu\/#\/schema\/logo\/image\/\"}}]}<\/script>\n<!-- \/ Yoast SEO plugin. -->","yoast_head_json":{"title":"Home - P&amp;M house, s.r.o. RSP","description":"P&M house, s.r.o.. Poskytovanie slu\u017eieb v oblasti elektroin\u0161tal\u00e1ci\u00ed, \u010distenia, a poradenskej \u010dinnosti v podnikan\u00ed a real\u00edt","robots":{"index":"index","follow":"follow","max-snippet":"max-snippet:-1","max-image-preview":"max-image-preview:large","max-video-preview":"max-video-preview:-1"},"canonical":"https:\/\/www.pmhouse.eu\/","og_locale":"sk_SK","og_type":"article","og_title":"Home - P&amp;M house, s.r.o. RSP","og_description":"P&M house, s.r.o.. Poskytovanie slu\u017eieb v oblasti elektroin\u0161tal\u00e1ci\u00ed, \u010distenia, a poradenskej \u010dinnosti v podnikan\u00ed a real\u00edt","og_url":"https:\/\/www.pmhouse.eu\/","og_site_name":"P&amp;M house, s.r.o. RSP","article_modified_time":"2022-01-07T09:26:35+00:00","og_image":[{"url":"https:\/\/www.pmhouse.eu\/wp-content\/uploads\/2022\/01\/background.jpg"}],"twitter_card":"summary_large_image","twitter_misc":{"Predpokladan\u00fd \u010das \u010d\u00edtania":"2 min\u00faty"},"schema":{"@context":"https:\/\/schema.org","@graph":[{"@type":"WebPage","@id":"https:\/\/www.pmhouse.eu\/","url":"https:\/\/www.pmhouse.eu\/","name":"Home - P&amp;M house, s.r.o. RSP","isPartOf":{"@id":"https:\/\/www.pmhouse.eu\/#website"},"datePublished":"2022-01-07T06:45:57+00:00","dateModified":"2022-01-07T09:26:35+00:00","description":"P&M house, s.r.o.. Poskytovanie slu\u017eieb v oblasti elektroin\u0161tal\u00e1ci\u00ed, \u010distenia, a poradenskej \u010dinnosti v podnikan\u00ed a real\u00edt","breadcrumb":{"@id":"https:\/\/www.pmhouse.eu\/#breadcrumb"},"inLanguage":"sk-SK","potentialAction":[{"@type":"ReadAction","target":["https:\/\/www.pmhouse.eu\/"]}]},{"@type":"BreadcrumbList","@id":"https:\/\/www.pmhouse.eu\/#breadcrumb","itemListElement":[{"@type":"ListItem","position":1,"name":"Home","item":"https:\/\/www.pmhouse.eu\/"},{"@type":"ListItem","position":2,"name":"Home"}]},{"@type":"WebSite","@id":"https:\/\/www.pmhouse.eu\/#website","url":"https:\/\/www.pmhouse.eu\/","name":"P&amp;M house, s.r.o. RSP","description":"V\u0161etko pod jednou strechou","publisher":{"@id":"https:\/\/www.pmhouse.eu\/#organization"},"potentialAction":[{"@type":"SearchAction","target":{"@type":"EntryPoint","urlTemplate":"https:\/\/www.pmhouse.eu\/?s={search_term_string}"},"query-input":"required name=search_term_string"}],"inLanguage":"sk-SK"},{"@type":"Organization","@id":"https:\/\/www.pmhouse.eu\/#organization","name":"P&amp;M house, s.r.o. RSP","url":"https:\/\/www.pmhouse.eu\/","logo":{"@type":"ImageObject","inLanguage":"sk-SK","@id":"https:\/\/www.pmhouse.eu\/#\/schema\/logo\/image\/","url":"https:\/\/www.pmhouse.eu\/wp-content\/uploads\/2022\/01\/logo-hneda.png","contentUrl":"https:\/\/www.pmhouse.eu\/wp-content\/uploads\/2022\/01\/logo-hneda.png","width":825,"height":442,"caption":"P&amp;M house, s.r.o. RSP"},"image":{"@id":"https:\/\/www.pmhouse.eu\/#\/schema\/logo\/image\/"}}]}},"_links":{"self":[{"href":"https:\/\/www.pmhouse.eu\/index.php?rest_route=\/wp\/v2\/pages\/6"}],"collection":[{"href":"https:\/\/www.pmhouse.eu\/index.php?rest_route=\/wp\/v2\/pages"}],"about":[{"href":"https:\/\/www.pmhouse.eu\/index.php?rest_route=\/wp\/v2\/types\/page"}],"author":[{"embeddable":true,"href":"https:\/\/www.pmhouse.eu\/index.php?rest_route=\/wp\/v2\/users\/1"}],"replies":[{"embeddable":true,"href":"https:\/\/www.pmhouse.eu\/index.php?rest_route=%2Fwp%2Fv2%2Fcomments&post=6"}],"version-history":[{"count":6,"href":"https:\/\/www.pmhouse.eu\/index.php?rest_route=\/wp\/v2\/pages\/6\/revisions"}],"predecessor-version":[{"id":100,"href":"https:\/\/www.pmhouse.eu\/index.php?rest_route=\/wp\/v2\/pages\/6\/revisions\/100"}],"wp:attachment":[{"href":"https:\/\/www.pmhouse.eu\/index.php?rest_route=%2Fwp%2Fv2%2Fmedia&parent=6"}],"curies":[{"name":"wp","href":"https:\/\/api.w.org\/{rel}","templated":true}]}}