{"id":7,"date":"2022-01-07T07:45:57","date_gmt":"2022-01-07T06:45:57","guid":{"rendered":"https:\/\/www.pmhouse.eu\/?page_id=7"},"modified":"2022-01-07T08:38:01","modified_gmt":"2022-01-07T07:38:01","slug":"onas","status":"publish","type":"page","link":"https:\/\/www.pmhouse.eu\/?page_id=7","title":{"rendered":"O n\u00e1s"},"content":{"rendered":"\n<div class=\"wp-block-cover alignfull has-nv-site-bg-background-color has-background-dim\" style=\"min-height:112px\"><div class=\"wp-block-cover__inner-container\">\n<div class=\"wp-container-1 wp-block-group\"><div class=\"wp-block-group__inner-container\">\n<h1 class=\"has-text-align-left has-neve-text-color-color has-text-color has-large-font-size\">O n\u00e1s<\/h1>\n<\/div><\/div>\n<\/div><\/div>\n\n\n\n<div class=\"wp-block-cover alignfull has-nv-light-bg-background-color has-background-dim\" style=\"min-height:600px\"><div class=\"wp-block-cover__inner-container\">\n<div class=\"wp-container-5 wp-block-group\"><div class=\"wp-block-group__inner-container\">\n<div style=\"height:80px\" aria-hidden=\"true\" class=\"wp-block-spacer\"><\/div>\n\n\n\n<div class=\"wp-container-4 wp-block-columns are-vertically-aligned-center\">\n<div class=\"wp-container-2 wp-block-column is-vertically-aligned-center\" style=\"flex-basis:50%\">\n<figure class=\"wp-block-image size-large\"><img src=\"https:\/\/www.pmhouse.eu\/wp-content\/themes\/neve\/assets\/img\/starter-content\/card-06.jpg\" alt=\"\"\/><\/figure>\n<\/div>\n\n\n\n<div class=\"wp-container-3 wp-block-column is-vertically-aligned-center\" style=\"flex-basis:50%\">\n<h2 class=\"has-neve-text-color-color has-text-color\"><strong>P&amp;M house, s.r.o. \u201ersp\u201c<\/strong><\/h2>\n\n\n\n<p class=\"has-neve-text-color-color has-text-color has-medium-font-size\"><strong><em>\u201eKto chce, h\u013ead\u00e1 sp\u00f4soby, kto nechce, h\u013ead\u00e1 d\u00f4vody.\u201c<\/em><\/strong><\/p>\n\n\n\n<p class=\"has-neve-link-color-color has-text-color\"><em>&#8211; P&amp;M house, s.r.o. je registrovan\u00fdm soci\u00e1lnym podnikom, ktor\u00e9ho prim\u00e1rnym cie\u013eom je vytv\u00e1ra\u0165 pracovn\u00e9 pr\u00edle\u017eitosti predov\u0161etk\u00fdm pre znev\u00fdhodnen\u00e9 osoby v&nbsp;spolo\u010dnosti a&nbsp;na trhu pr\u00e1ce.<\/em><\/p>\n\n\n\n<p class=\"has-neve-link-color-color has-text-color\"><em>Cie\u013e m\u00e1me jasn\u00fd, vytvori\u0165 spolo\u010dnos\u0165, poskytuj\u00facu \u0161irokospektr\u00e1lne odborn\u00e9 \u010dinnosti a&nbsp;tak zabezpe\u010di\u0165 trvalo udr\u017eate\u013en\u00e9 pracovn\u00e9 miesta.<\/em><\/p>\n\n\n\n<p class=\"has-neve-link-color-color has-text-color\"><em>D\u00f4vod? Jednoduch\u00fd &#8230;.&nbsp; Predov\u0161etk\u00fdm v&nbsp;tejto ne\u013eahkej dobe sa r\u00fdchlo st\u00e1va, \u017ee dopyt po konkr\u00e9tnej odbornej \u010dinnosti klesne. T\u00fdm, \u017ee vytv\u00e1rame za pomoci na\u0161ich odborn\u00fdch \u010dlenov t\u00edmu spektrum \u010dinnost\u00ed vieme garantova\u0165 stabilitu pracovn\u00fdch pr\u00edle\u017eitost\u00ed.<\/em><\/p>\n<\/div>\n<\/div>\n\n\n\n<div style=\"height:40px\" aria-hidden=\"true\" class=\"wp-block-spacer\"><\/div>\n<\/div><\/div>\n<\/div><\/div>\n","protected":false},"excerpt":{"rendered":"","protected":false},"author":1,"featured_media":0,"parent":0,"menu_order":0,"comment_status":"closed","ping_status":"closed","template":"","meta":{"_monsterinsights_skip_tracking":false,"_monsterinsights_sitenote_active":false,"_monsterinsights_sitenote_note":"","_monsterinsights_sitenote_category":0,"neve_meta_sidebar":"","neve_meta_container":"","neve_meta_enable_content_width":"on","neve_meta_content_width":100,"neve_meta_title_alignment":"","neve_meta_author_avatar":"","neve_post_elements_order":"","neve_meta_disable_header":"","neve_meta_disable_footer":"","neve_meta_disable_title":"on"},"yoast_head":"<!-- This site is optimized with the Yoast SEO plugin v20.6 - https:\/\/yoast.com\/wordpress\/plugins\/seo\/ -->\n<title>O n\u00e1s - P&amp;M house, s.r.o. RSP<\/title>\n<meta name=\"description\" content=\"Popis firmy P&amp;M house s.r.o.\" \/>\n<meta name=\"robots\" content=\"index, follow, max-snippet:-1, max-image-preview:large, max-video-preview:-1\" \/>\n<link rel=\"canonical\" href=\"https:\/\/www.pmhouse.eu\/?page_id=7\" \/>\n<meta property=\"og:locale\" content=\"sk_SK\" \/>\n<meta property=\"og:type\" content=\"article\" \/>\n<meta property=\"og:title\" content=\"O n\u00e1s - P&amp;M house, s.r.o. RSP\" \/>\n<meta property=\"og:description\" content=\"Popis firmy P&amp;M house s.r.o.\" \/>\n<meta property=\"og:url\" content=\"https:\/\/www.pmhouse.eu\/?page_id=7\" \/>\n<meta property=\"og:site_name\" content=\"P&amp;M house, s.r.o. RSP\" \/>\n<meta property=\"article:modified_time\" content=\"2022-01-07T07:38:01+00:00\" \/>\n<meta property=\"og:image\" content=\"https:\/\/www.pmhouse.eu\/wp-content\/themes\/neve\/assets\/img\/starter-content\/card-06.jpg\" \/>\n<meta name=\"twitter:card\" content=\"summary_large_image\" \/>\n<meta name=\"twitter:label1\" content=\"Predpokladan\u00fd \u010das \u010d\u00edtania\" \/>\n\t<meta name=\"twitter:data1\" content=\"1 min\u00fata\" \/>\n<script type=\"application\/ld+json\" class=\"yoast-schema-graph\">{\"@context\":\"https:\/\/schema.org\",\"@graph\":[{\"@type\":\"WebPage\",\"@id\":\"https:\/\/www.pmhouse.eu\/?page_id=7\",\"url\":\"https:\/\/www.pmhouse.eu\/?page_id=7\",\"name\":\"O n\u00e1s - P&amp;M house, s.r.o. RSP\",\"isPartOf\":{\"@id\":\"https:\/\/www.pmhouse.eu\/#website\"},\"datePublished\":\"2022-01-07T06:45:57+00:00\",\"dateModified\":\"2022-01-07T07:38:01+00:00\",\"description\":\"Popis firmy P&M house s.r.o.\",\"breadcrumb\":{\"@id\":\"https:\/\/www.pmhouse.eu\/?page_id=7#breadcrumb\"},\"inLanguage\":\"sk-SK\",\"potentialAction\":[{\"@type\":\"ReadAction\",\"target\":[\"https:\/\/www.pmhouse.eu\/?page_id=7\"]}]},{\"@type\":\"BreadcrumbList\",\"@id\":\"https:\/\/www.pmhouse.eu\/?page_id=7#breadcrumb\",\"itemListElement\":[{\"@type\":\"ListItem\",\"position\":1,\"name\":\"Home\",\"item\":\"https:\/\/www.pmhouse.eu\/\"},{\"@type\":\"ListItem\",\"position\":2,\"name\":\"O n\u00e1s\"}]},{\"@type\":\"WebSite\",\"@id\":\"https:\/\/www.pmhouse.eu\/#website\",\"url\":\"https:\/\/www.pmhouse.eu\/\",\"name\":\"P&amp;M house, s.r.o. RSP\",\"description\":\"V\u0161etko pod jednou strechou\",\"publisher\":{\"@id\":\"https:\/\/www.pmhouse.eu\/#organization\"},\"potentialAction\":[{\"@type\":\"SearchAction\",\"target\":{\"@type\":\"EntryPoint\",\"urlTemplate\":\"https:\/\/www.pmhouse.eu\/?s={search_term_string}\"},\"query-input\":\"required name=search_term_string\"}],\"inLanguage\":\"sk-SK\"},{\"@type\":\"Organization\",\"@id\":\"https:\/\/www.pmhouse.eu\/#organization\",\"name\":\"P&amp;M house, s.r.o. RSP\",\"url\":\"https:\/\/www.pmhouse.eu\/\",\"logo\":{\"@type\":\"ImageObject\",\"inLanguage\":\"sk-SK\",\"@id\":\"https:\/\/www.pmhouse.eu\/#\/schema\/logo\/image\/\",\"url\":\"https:\/\/www.pmhouse.eu\/wp-content\/uploads\/2022\/01\/logo-hneda.png\",\"contentUrl\":\"https:\/\/www.pmhouse.eu\/wp-content\/uploads\/2022\/01\/logo-hneda.png\",\"width\":825,\"height\":442,\"caption\":\"P&amp;M house, s.r.o. RSP\"},\"image\":{\"@id\":\"https:\/\/www.pmhouse.eu\/#\/schema\/logo\/image\/\"}}]}<\/script>\n<!-- \/ Yoast SEO plugin. -->","yoast_head_json":{"title":"O n\u00e1s - P&amp;M house, s.r.o. RSP","description":"Popis firmy P&M house s.r.o.","robots":{"index":"index","follow":"follow","max-snippet":"max-snippet:-1","max-image-preview":"max-image-preview:large","max-video-preview":"max-video-preview:-1"},"canonical":"https:\/\/www.pmhouse.eu\/?page_id=7","og_locale":"sk_SK","og_type":"article","og_title":"O n\u00e1s - P&amp;M house, s.r.o. RSP","og_description":"Popis firmy P&M house s.r.o.","og_url":"https:\/\/www.pmhouse.eu\/?page_id=7","og_site_name":"P&amp;M house, s.r.o. RSP","article_modified_time":"2022-01-07T07:38:01+00:00","og_image":[{"url":"https:\/\/www.pmhouse.eu\/wp-content\/themes\/neve\/assets\/img\/starter-content\/card-06.jpg"}],"twitter_card":"summary_large_image","twitter_misc":{"Predpokladan\u00fd \u010das \u010d\u00edtania":"1 min\u00fata"},"schema":{"@context":"https:\/\/schema.org","@graph":[{"@type":"WebPage","@id":"https:\/\/www.pmhouse.eu\/?page_id=7","url":"https:\/\/www.pmhouse.eu\/?page_id=7","name":"O n\u00e1s - P&amp;M house, s.r.o. RSP","isPartOf":{"@id":"https:\/\/www.pmhouse.eu\/#website"},"datePublished":"2022-01-07T06:45:57+00:00","dateModified":"2022-01-07T07:38:01+00:00","description":"Popis firmy P&M house s.r.o.","breadcrumb":{"@id":"https:\/\/www.pmhouse.eu\/?page_id=7#breadcrumb"},"inLanguage":"sk-SK","potentialAction":[{"@type":"ReadAction","target":["https:\/\/www.pmhouse.eu\/?page_id=7"]}]},{"@type":"BreadcrumbList","@id":"https:\/\/www.pmhouse.eu\/?page_id=7#breadcrumb","itemListElement":[{"@type":"ListItem","position":1,"name":"Home","item":"https:\/\/www.pmhouse.eu\/"},{"@type":"ListItem","position":2,"name":"O n\u00e1s"}]},{"@type":"WebSite","@id":"https:\/\/www.pmhouse.eu\/#website","url":"https:\/\/www.pmhouse.eu\/","name":"P&amp;M house, s.r.o. RSP","description":"V\u0161etko pod jednou strechou","publisher":{"@id":"https:\/\/www.pmhouse.eu\/#organization"},"potentialAction":[{"@type":"SearchAction","target":{"@type":"EntryPoint","urlTemplate":"https:\/\/www.pmhouse.eu\/?s={search_term_string}"},"query-input":"required name=search_term_string"}],"inLanguage":"sk-SK"},{"@type":"Organization","@id":"https:\/\/www.pmhouse.eu\/#organization","name":"P&amp;M house, s.r.o. RSP","url":"https:\/\/www.pmhouse.eu\/","logo":{"@type":"ImageObject","inLanguage":"sk-SK","@id":"https:\/\/www.pmhouse.eu\/#\/schema\/logo\/image\/","url":"https:\/\/www.pmhouse.eu\/wp-content\/uploads\/2022\/01\/logo-hneda.png","contentUrl":"https:\/\/www.pmhouse.eu\/wp-content\/uploads\/2022\/01\/logo-hneda.png","width":825,"height":442,"caption":"P&amp;M house, s.r.o. RSP"},"image":{"@id":"https:\/\/www.pmhouse.eu\/#\/schema\/logo\/image\/"}}]}},"_links":{"self":[{"href":"https:\/\/www.pmhouse.eu\/index.php?rest_route=\/wp\/v2\/pages\/7"}],"collection":[{"href":"https:\/\/www.pmhouse.eu\/index.php?rest_route=\/wp\/v2\/pages"}],"about":[{"href":"https:\/\/www.pmhouse.eu\/index.php?rest_route=\/wp\/v2\/types\/page"}],"author":[{"embeddable":true,"href":"https:\/\/www.pmhouse.eu\/index.php?rest_route=\/wp\/v2\/users\/1"}],"replies":[{"embeddable":true,"href":"https:\/\/www.pmhouse.eu\/index.php?rest_route=%2Fwp%2Fv2%2Fcomments&post=7"}],"version-history":[{"count":3,"href":"https:\/\/www.pmhouse.eu\/index.php?rest_route=\/wp\/v2\/pages\/7\/revisions"}],"predecessor-version":[{"id":78,"href":"https:\/\/www.pmhouse.eu\/index.php?rest_route=\/wp\/v2\/pages\/7\/revisions\/78"}],"wp:attachment":[{"href":"https:\/\/www.pmhouse.eu\/index.php?rest_route=%2Fwp%2Fv2%2Fmedia&parent=7"}],"curies":[{"name":"wp","href":"https:\/\/api.w.org\/{rel}","templated":true}]}}