{"id":8,"date":"2022-01-07T07:45:57","date_gmt":"2022-01-07T06:45:57","guid":{"rendered":"https:\/\/www.pmhouse.eu\/?page_id=8"},"modified":"2022-01-23T17:50:42","modified_gmt":"2022-01-23T16:50:42","slug":"kontakt","status":"publish","type":"page","link":"https:\/\/www.pmhouse.eu\/?page_id=8","title":{"rendered":"Kontakt"},"content":{"rendered":"\n<div class=\"wp-block-cover alignfull has-nv-site-bg-background-color has-background-dim\" style=\"min-height:169px\"><div class=\"wp-block-cover__inner-container\">\n<div class=\"wp-container-1 wp-block-group\"><div class=\"wp-block-group__inner-container\">\n<h1 class=\"has-text-align-left has-neve-text-color-color has-text-color has-large-font-size\">Kontakt<\/h1>\n<\/div><\/div>\n<\/div><\/div>\n\n\n\n<div class=\"wp-block-cover alignfull has-nv-light-bg-background-color has-background-dim\" style=\"min-height:420px\"><div class=\"wp-block-cover__inner-container\">\n<div style=\"height:80px\" aria-hidden=\"true\" class=\"wp-block-spacer\"><\/div>\n\n\n\n<div class=\"wp-container-5 wp-block-columns\">\n<div class=\"wp-container-2 wp-block-column\">\n<div style=\"height:24px\" aria-hidden=\"true\" class=\"wp-block-spacer\"><\/div>\n\n\n\n<div class=\"wp-block-image icon-style is-style-rounded\"><figure class=\"aligncenter is-resized\"><img loading=\"lazy\" src=\"https:\/\/www.pmhouse.eu\/wp-content\/themes\/neve\/assets\/img\/starter-content\/icon-05.svg\" alt=\"\" width=\"48\" height=\"48\"\/><\/figure><\/div>\n\n\n\n<h3 class=\"has-text-align-center has-neve-text-color-color has-text-color\">Telef\u00f3n<\/h3>\n\n\n\n<p class=\"has-text-align-center has-neve-text-color-color has-text-color\">0908-613-214 | Pondelok &#8211; Piatok<\/p>\n\n\n\n<div style=\"height:24px\" aria-hidden=\"true\" class=\"wp-block-spacer\"><\/div>\n<\/div>\n\n\n\n<div class=\"wp-container-3 wp-block-column\">\n<div style=\"height:24px\" aria-hidden=\"true\" class=\"wp-block-spacer\"><\/div>\n\n\n\n<div class=\"wp-block-image icon-style is-style-rounded\"><figure class=\"aligncenter is-resized\"><img loading=\"lazy\" src=\"https:\/\/www.pmhouse.eu\/wp-content\/themes\/neve\/assets\/img\/starter-content\/icon-06.svg\" alt=\"\" width=\"48\" height=\"48\"\/><\/figure><\/div>\n\n\n\n<h3 class=\"has-text-align-center has-neve-text-color-color has-text-color\">Email<\/h3>\n\n\n\n<p class=\"has-text-align-center has-neve-text-color-color has-text-color\">info@pmhouse.eu<\/p>\n\n\n\n<div style=\"height:24px\" aria-hidden=\"true\" class=\"wp-block-spacer\"><\/div>\n<\/div>\n\n\n\n<div class=\"wp-container-4 wp-block-column\">\n<div style=\"height:24px\" aria-hidden=\"true\" class=\"wp-block-spacer\"><\/div>\n\n\n\n<div class=\"wp-block-image icon-style is-style-rounded\"><figure class=\"aligncenter is-resized\"><img loading=\"lazy\" src=\"https:\/\/www.pmhouse.eu\/wp-content\/themes\/neve\/assets\/img\/starter-content\/icon-04.svg\" alt=\"\" width=\"48\" height=\"48\"\/><\/figure><\/div>\n\n\n\n<h3 class=\"has-text-align-center has-neve-text-color-color has-text-color\">Kancel\u00e1ria<\/h3>\n\n\n\n<p class=\"has-text-align-center has-neve-text-color-color has-text-color\">P&amp;M house, s.r.o. RSP,<\/p>\n\n\n\n<p class=\"has-text-align-center has-neve-link-color-color has-text-color\">Gener\u00e1la Fra\u0148u 1122\/1<\/p>\n\n\n\n<p class=\"has-text-align-center has-neve-link-color-color has-text-color\">038 53 Turany<\/p>\n\n\n\n<div style=\"height:24px\" aria-hidden=\"true\" class=\"wp-block-spacer\"><\/div>\n<\/div>\n<\/div>\n\n\n\n<div style=\"height:30px\" aria-hidden=\"true\" class=\"wp-block-spacer\"><\/div>\n\n\n\n<div class=\"wp-block-image\"><figure class=\"aligncenter size-full\"><img loading=\"lazy\" width=\"647\" height=\"902\" src=\"https:\/\/www.pmhouse.eu\/wp-content\/uploads\/2022\/01\/image.jpg\" alt=\"\" class=\"wp-image-108\" srcset=\"https:\/\/www.pmhouse.eu\/wp-content\/uploads\/2022\/01\/image.jpg 647w, https:\/\/www.pmhouse.eu\/wp-content\/uploads\/2022\/01\/image-215x300.jpg 215w\" sizes=\"(max-width: 647px) 100vw, 647px\" \/><\/figure><\/div>\n<\/div><\/div>\n","protected":false},"excerpt":{"rendered":"","protected":false},"author":1,"featured_media":0,"parent":0,"menu_order":0,"comment_status":"closed","ping_status":"closed","template":"","meta":{"_monsterinsights_skip_tracking":false,"_monsterinsights_sitenote_active":false,"_monsterinsights_sitenote_note":"","_monsterinsights_sitenote_category":0,"neve_meta_sidebar":"","neve_meta_container":"","neve_meta_enable_content_width":"on","neve_meta_content_width":100,"neve_meta_title_alignment":"","neve_meta_author_avatar":"","neve_post_elements_order":"","neve_meta_disable_header":"","neve_meta_disable_footer":"","neve_meta_disable_title":"on"},"yoast_head":"<!-- This site is optimized with the Yoast SEO plugin v20.6 - https:\/\/yoast.com\/wordpress\/plugins\/seo\/ -->\n<title>Kontakt - P&amp;M house, s.r.o. RSP<\/title>\n<meta name=\"description\" content=\"V pr\u00edpade z\u00e1ujmu o spolupr\u00e1cu, alebo inform\u00e1cie, pros\u00edm vyu\u017eite niektor\u00fd z uveden\u00fdch sp\u00f4sobov\" \/>\n<meta name=\"robots\" content=\"index, follow, max-snippet:-1, max-image-preview:large, max-video-preview:-1\" \/>\n<link rel=\"canonical\" href=\"https:\/\/www.pmhouse.eu\/?page_id=8\" \/>\n<meta property=\"og:locale\" content=\"sk_SK\" \/>\n<meta property=\"og:type\" content=\"article\" \/>\n<meta property=\"og:title\" content=\"Kontakt - P&amp;M house, s.r.o. RSP\" \/>\n<meta property=\"og:description\" content=\"V pr\u00edpade z\u00e1ujmu o spolupr\u00e1cu, alebo inform\u00e1cie, pros\u00edm vyu\u017eite niektor\u00fd z uveden\u00fdch sp\u00f4sobov\" \/>\n<meta property=\"og:url\" content=\"https:\/\/www.pmhouse.eu\/?page_id=8\" \/>\n<meta property=\"og:site_name\" content=\"P&amp;M house, s.r.o. RSP\" \/>\n<meta property=\"article:modified_time\" content=\"2022-01-23T16:50:42+00:00\" \/>\n<meta property=\"og:image\" content=\"https:\/\/www.pmhouse.eu\/wp-content\/themes\/neve\/assets\/img\/starter-content\/icon-05.svg\" \/>\n<meta name=\"twitter:card\" content=\"summary_large_image\" \/>\n<meta name=\"twitter:label1\" content=\"Predpokladan\u00fd \u010das \u010d\u00edtania\" \/>\n\t<meta name=\"twitter:data1\" content=\"1 min\u00fata\" \/>\n<script type=\"application\/ld+json\" class=\"yoast-schema-graph\">{\"@context\":\"https:\/\/schema.org\",\"@graph\":[{\"@type\":\"WebPage\",\"@id\":\"https:\/\/www.pmhouse.eu\/?page_id=8\",\"url\":\"https:\/\/www.pmhouse.eu\/?page_id=8\",\"name\":\"Kontakt - P&amp;M house, s.r.o. RSP\",\"isPartOf\":{\"@id\":\"https:\/\/www.pmhouse.eu\/#website\"},\"datePublished\":\"2022-01-07T06:45:57+00:00\",\"dateModified\":\"2022-01-23T16:50:42+00:00\",\"description\":\"V pr\u00edpade z\u00e1ujmu o spolupr\u00e1cu, alebo inform\u00e1cie, pros\u00edm vyu\u017eite niektor\u00fd z uveden\u00fdch sp\u00f4sobov\",\"breadcrumb\":{\"@id\":\"https:\/\/www.pmhouse.eu\/?page_id=8#breadcrumb\"},\"inLanguage\":\"sk-SK\",\"potentialAction\":[{\"@type\":\"ReadAction\",\"target\":[\"https:\/\/www.pmhouse.eu\/?page_id=8\"]}]},{\"@type\":\"BreadcrumbList\",\"@id\":\"https:\/\/www.pmhouse.eu\/?page_id=8#breadcrumb\",\"itemListElement\":[{\"@type\":\"ListItem\",\"position\":1,\"name\":\"Home\",\"item\":\"https:\/\/www.pmhouse.eu\/\"},{\"@type\":\"ListItem\",\"position\":2,\"name\":\"Kontakt\"}]},{\"@type\":\"WebSite\",\"@id\":\"https:\/\/www.pmhouse.eu\/#website\",\"url\":\"https:\/\/www.pmhouse.eu\/\",\"name\":\"P&amp;M house, s.r.o. RSP\",\"description\":\"V\u0161etko pod jednou strechou\",\"publisher\":{\"@id\":\"https:\/\/www.pmhouse.eu\/#organization\"},\"potentialAction\":[{\"@type\":\"SearchAction\",\"target\":{\"@type\":\"EntryPoint\",\"urlTemplate\":\"https:\/\/www.pmhouse.eu\/?s={search_term_string}\"},\"query-input\":\"required name=search_term_string\"}],\"inLanguage\":\"sk-SK\"},{\"@type\":\"Organization\",\"@id\":\"https:\/\/www.pmhouse.eu\/#organization\",\"name\":\"P&amp;M house, s.r.o. RSP\",\"url\":\"https:\/\/www.pmhouse.eu\/\",\"logo\":{\"@type\":\"ImageObject\",\"inLanguage\":\"sk-SK\",\"@id\":\"https:\/\/www.pmhouse.eu\/#\/schema\/logo\/image\/\",\"url\":\"https:\/\/www.pmhouse.eu\/wp-content\/uploads\/2022\/01\/logo-hneda.png\",\"contentUrl\":\"https:\/\/www.pmhouse.eu\/wp-content\/uploads\/2022\/01\/logo-hneda.png\",\"width\":825,\"height\":442,\"caption\":\"P&amp;M house, s.r.o. RSP\"},\"image\":{\"@id\":\"https:\/\/www.pmhouse.eu\/#\/schema\/logo\/image\/\"}}]}<\/script>\n<!-- \/ Yoast SEO plugin. -->","yoast_head_json":{"title":"Kontakt - P&amp;M house, s.r.o. RSP","description":"V pr\u00edpade z\u00e1ujmu o spolupr\u00e1cu, alebo inform\u00e1cie, pros\u00edm vyu\u017eite niektor\u00fd z uveden\u00fdch sp\u00f4sobov","robots":{"index":"index","follow":"follow","max-snippet":"max-snippet:-1","max-image-preview":"max-image-preview:large","max-video-preview":"max-video-preview:-1"},"canonical":"https:\/\/www.pmhouse.eu\/?page_id=8","og_locale":"sk_SK","og_type":"article","og_title":"Kontakt - P&amp;M house, s.r.o. RSP","og_description":"V pr\u00edpade z\u00e1ujmu o spolupr\u00e1cu, alebo inform\u00e1cie, pros\u00edm vyu\u017eite niektor\u00fd z uveden\u00fdch sp\u00f4sobov","og_url":"https:\/\/www.pmhouse.eu\/?page_id=8","og_site_name":"P&amp;M house, s.r.o. RSP","article_modified_time":"2022-01-23T16:50:42+00:00","og_image":[{"url":"https:\/\/www.pmhouse.eu\/wp-content\/themes\/neve\/assets\/img\/starter-content\/icon-05.svg"}],"twitter_card":"summary_large_image","twitter_misc":{"Predpokladan\u00fd \u010das \u010d\u00edtania":"1 min\u00fata"},"schema":{"@context":"https:\/\/schema.org","@graph":[{"@type":"WebPage","@id":"https:\/\/www.pmhouse.eu\/?page_id=8","url":"https:\/\/www.pmhouse.eu\/?page_id=8","name":"Kontakt - P&amp;M house, s.r.o. RSP","isPartOf":{"@id":"https:\/\/www.pmhouse.eu\/#website"},"datePublished":"2022-01-07T06:45:57+00:00","dateModified":"2022-01-23T16:50:42+00:00","description":"V pr\u00edpade z\u00e1ujmu o spolupr\u00e1cu, alebo inform\u00e1cie, pros\u00edm vyu\u017eite niektor\u00fd z uveden\u00fdch sp\u00f4sobov","breadcrumb":{"@id":"https:\/\/www.pmhouse.eu\/?page_id=8#breadcrumb"},"inLanguage":"sk-SK","potentialAction":[{"@type":"ReadAction","target":["https:\/\/www.pmhouse.eu\/?page_id=8"]}]},{"@type":"BreadcrumbList","@id":"https:\/\/www.pmhouse.eu\/?page_id=8#breadcrumb","itemListElement":[{"@type":"ListItem","position":1,"name":"Home","item":"https:\/\/www.pmhouse.eu\/"},{"@type":"ListItem","position":2,"name":"Kontakt"}]},{"@type":"WebSite","@id":"https:\/\/www.pmhouse.eu\/#website","url":"https:\/\/www.pmhouse.eu\/","name":"P&amp;M house, s.r.o. RSP","description":"V\u0161etko pod jednou strechou","publisher":{"@id":"https:\/\/www.pmhouse.eu\/#organization"},"potentialAction":[{"@type":"SearchAction","target":{"@type":"EntryPoint","urlTemplate":"https:\/\/www.pmhouse.eu\/?s={search_term_string}"},"query-input":"required name=search_term_string"}],"inLanguage":"sk-SK"},{"@type":"Organization","@id":"https:\/\/www.pmhouse.eu\/#organization","name":"P&amp;M house, s.r.o. RSP","url":"https:\/\/www.pmhouse.eu\/","logo":{"@type":"ImageObject","inLanguage":"sk-SK","@id":"https:\/\/www.pmhouse.eu\/#\/schema\/logo\/image\/","url":"https:\/\/www.pmhouse.eu\/wp-content\/uploads\/2022\/01\/logo-hneda.png","contentUrl":"https:\/\/www.pmhouse.eu\/wp-content\/uploads\/2022\/01\/logo-hneda.png","width":825,"height":442,"caption":"P&amp;M house, s.r.o. RSP"},"image":{"@id":"https:\/\/www.pmhouse.eu\/#\/schema\/logo\/image\/"}}]}},"_links":{"self":[{"href":"https:\/\/www.pmhouse.eu\/index.php?rest_route=\/wp\/v2\/pages\/8"}],"collection":[{"href":"https:\/\/www.pmhouse.eu\/index.php?rest_route=\/wp\/v2\/pages"}],"about":[{"href":"https:\/\/www.pmhouse.eu\/index.php?rest_route=\/wp\/v2\/types\/page"}],"author":[{"embeddable":true,"href":"https:\/\/www.pmhouse.eu\/index.php?rest_route=\/wp\/v2\/users\/1"}],"replies":[{"embeddable":true,"href":"https:\/\/www.pmhouse.eu\/index.php?rest_route=%2Fwp%2Fv2%2Fcomments&post=8"}],"version-history":[{"count":6,"href":"https:\/\/www.pmhouse.eu\/index.php?rest_route=\/wp\/v2\/pages\/8\/revisions"}],"predecessor-version":[{"id":109,"href":"https:\/\/www.pmhouse.eu\/index.php?rest_route=\/wp\/v2\/pages\/8\/revisions\/109"}],"wp:attachment":[{"href":"https:\/\/www.pmhouse.eu\/index.php?rest_route=%2Fwp%2Fv2%2Fmedia&parent=8"}],"curies":[{"name":"wp","href":"https:\/\/api.w.org\/{rel}","templated":true}]}}