{"id":9,"date":"2022-01-07T07:45:57","date_gmt":"2022-01-07T06:45:57","guid":{"rendered":"https:\/\/www.pmhouse.eu\/?page_id=9"},"modified":"2022-01-23T18:23:06","modified_gmt":"2022-01-23T17:23:06","slug":"portofolio","status":"publish","type":"page","link":"https:\/\/www.pmhouse.eu\/?page_id=9","title":{"rendered":"\u010co pon\u00fakame"},"content":{"rendered":"\n<div class=\"wp-block-cover alignfull has-nv-site-bg-background-color has-background-dim\" style=\"min-height:90px\"><div class=\"wp-block-cover__inner-container\">\n<div class=\"wp-container-1 wp-block-group\"><div class=\"wp-block-group__inner-container\">\n<h1 class=\"has-text-align-center has-text-align-left has-neve-text-color-color has-text-color has-large-font-size\">\u010co pon\u00fakame<\/h1>\n<\/div><\/div>\n\n\n\n<p><\/p>\n<\/div><\/div>\n\n\n\n<div class=\"wp-block-cover alignfull has-nv-light-bg-background-color has-background-dim\" style=\"min-height:600px\"><div class=\"wp-block-cover__inner-container\">\n<div class=\"wp-container-4 wp-block-group\"><div class=\"wp-block-group__inner-container\">\n<p><\/p>\n\n\n\n<div class=\"wp-container-3 wp-block-columns are-vertically-aligned-center\">\n<div class=\"wp-container-2 wp-block-column is-vertically-aligned-center\" style=\"flex-basis:100%\">\n<div class=\"wp-block-image is-style-default\"><figure class=\"aligncenter size-large\"><img loading=\"lazy\" width=\"1024\" height=\"719\" src=\"https:\/\/www.pmhouse.eu\/wp-content\/uploads\/2022\/01\/Series-of-Electrical-Wires-1024x719.jpg\" alt=\"Elektroin\u0161tal\u00e1cia\" class=\"wp-image-89\"\/><\/figure><\/div>\n\n\n\n<h3 class=\"has-text-align-center has-neve-text-color-color has-text-color\">All for electro install<\/h3>\n\n\n\n<p class=\"has-text-align-center has-neve-link-color-color has-text-color\"><em>Kompletn\u00e1 mont\u00e1\u017e elektroin\u0161tal\u00e1cie objektov \/domov, bytov, administrat\u00edvnych budov\/<\/em><\/p>\n\n\n\n<p class=\"has-text-align-center has-neve-link-color-color has-text-color\"><em>Pr\u00edpojky NN<\/em><\/p>\n\n\n\n<p class=\"has-text-align-center has-neve-link-color-color has-text-color\"><em>Rev\u00edzie<\/em><\/p>\n\n\n\n<p class=\"has-text-align-center has-neve-link-color-color has-text-color\"><em>Bleskozvody, Pr\u00edpojky &nbsp;<\/em><\/p>\n\n\n\n<p class=\"has-text-align-center has-neve-link-color-color has-text-color\"><em>Kamerov\u00e9 syst\u00e9my, alarmy<\/em><\/p>\n\n\n\n<p class=\"has-text-align-center has-neve-link-color-color has-text-color\"><em>inteligentn\u00e9 in\u0161tal\u00e1cie<\/em><\/p>\n\n\n\n<p class=\"has-text-align-center has-neve-link-color-color has-text-color\"><em>Poradenstvo v&nbsp;oblasti elektriky<\/em><\/p>\n\n\n\n<div style=\"height:40px\" aria-hidden=\"true\" class=\"wp-block-spacer\"><\/div>\n<\/div>\n<\/div>\n\n\n\n<div style=\"height:40px\" aria-hidden=\"true\" class=\"wp-block-spacer\"><\/div>\n<\/div><\/div>\n<\/div><\/div>\n\n\n\n<div class=\"wp-block-cover alignfull has-nv-site-bg-background-color has-background-dim\" style=\"min-height:600px\"><div class=\"wp-block-cover__inner-container\">\n<div class=\"wp-container-7 wp-block-group\"><div class=\"wp-block-group__inner-container\">\n<p><\/p>\n\n\n\n<div class=\"wp-container-6 wp-block-columns are-vertically-aligned-center\">\n<div class=\"wp-container-5 wp-block-column is-vertically-aligned-center\" style=\"flex-basis:100%\">\n<div class=\"wp-block-image\"><figure class=\"aligncenter size-large is-resized\"><img loading=\"lazy\" src=\"https:\/\/www.pmhouse.eu\/wp-content\/uploads\/2022\/01\/Factors-in-Calculating-the-Going-Rate-for-House-Cleaning-1024x684.jpg\" alt=\"\u010cistenie\" class=\"wp-image-90\" width=\"1024\" height=\"684\"\/><\/figure><\/div>\n\n\n\n<h3 class=\"has-text-align-center has-neve-text-color-color has-text-color\">All for purity<\/h3>\n\n\n\n<p class=\"has-text-align-center has-neve-link-color-color has-text-color\"><em>Letn\u00e1\/ zimn\u00e1 \u00fadr\u017eba<\/em><\/p>\n\n\n\n<p class=\"has-text-align-center has-neve-link-color-color has-text-color\"><em>Starostlivos\u0165 o&nbsp;exteri\u00e9r\/ interi\u00e9r domov, bytov, administrat\u00edvnych priestorov a budov<\/em><\/p>\n\n\n\n<p class=\"has-text-align-center has-neve-link-color-color has-text-color\"><em>\u010cistenie prev\u00e1dzok, v\u00fdrobn\u00fdch h\u00e1l, obchodn\u00fdch priestorov<\/em><\/p>\n\n\n\n<p class=\"has-text-align-center has-neve-link-color-color has-text-color\"><em>Dezinfekcia<\/em><\/p>\n\n\n\n<p class=\"has-text-align-center has-neve-link-color-color has-text-color\"><em>Poradensk\u00fd servis za \u00fa\u010delom zefekt\u00edvnenia Va\u0161ej prev\u00e1dzky<\/em><\/p>\n\n\n\n<p class=\"has-text-align-center has-neve-link-color-color has-text-color\"><em>Vypracovanie \u010distiaceho a&nbsp;dezinfek\u010dn\u00e9ho pl\u00e1n<\/em>u<\/p>\n\n\n\n<div style=\"height:40px\" aria-hidden=\"true\" class=\"wp-block-spacer\"><\/div>\n\n\n\n<p class=\"has-nv-light-bg-color has-text-color\">P&amp;M house, s.r.o.<\/p>\n<\/div>\n<\/div>\n\n\n\n<div style=\"height:40px\" aria-hidden=\"true\" class=\"wp-block-spacer\"><\/div>\n<\/div><\/div>\n<\/div><\/div>\n\n\n\n<div class=\"wp-block-cover alignfull has-nv-light-bg-background-color has-background-dim\" style=\"min-height:600px\"><div class=\"wp-block-cover__inner-container\">\n<div class=\"wp-container-10 wp-block-group\"><div class=\"wp-block-group__inner-container\">\n<div style=\"height:80px\" aria-hidden=\"true\" class=\"wp-block-spacer\"><\/div>\n\n\n\n<div class=\"wp-container-9 wp-block-columns are-vertically-aligned-center\">\n<div class=\"wp-container-8 wp-block-column is-vertically-aligned-center\" style=\"flex-basis:100%\">\n<div class=\"wp-block-image\"><figure class=\"aligncenter size-large\"><img loading=\"lazy\" width=\"1024\" height=\"683\" src=\"https:\/\/www.pmhouse.eu\/wp-content\/uploads\/2022\/01\/consulting-1024x683.jpg\" alt=\"Poradenstvo\" class=\"wp-image-92\" srcset=\"https:\/\/www.pmhouse.eu\/wp-content\/uploads\/2022\/01\/consulting-1024x683.jpg 1024w, https:\/\/www.pmhouse.eu\/wp-content\/uploads\/2022\/01\/consulting-300x200.jpg 300w, https:\/\/www.pmhouse.eu\/wp-content\/uploads\/2022\/01\/consulting-768x512.jpg 768w, https:\/\/www.pmhouse.eu\/wp-content\/uploads\/2022\/01\/consulting-1536x1025.jpg 1536w, https:\/\/www.pmhouse.eu\/wp-content\/uploads\/2022\/01\/consulting-930x620.jpg 930w, https:\/\/www.pmhouse.eu\/wp-content\/uploads\/2022\/01\/consulting.jpg 1920w\" sizes=\"(max-width: 1024px) 100vw, 1024px\" \/><\/figure><\/div>\n\n\n\n<h3 class=\"has-text-align-center has-neve-text-color-color has-text-color\">All for you<\/h3>\n\n\n\n<p class=\"has-text-align-center has-neve-link-color-color has-text-color\"><em>Poradensk\u00e1 \u010dinnos\u0165 za\u010d\u00ednaj\u00facim aj existuj\u00facim podnikate\u013eom<\/em><\/p>\n\n\n\n<p class=\"has-text-align-center has-neve-link-color-color has-text-color\"><em>Podnikate\u013esk\u00e9 a organiza\u010dn\u00e9 poradenstvo<\/em><\/p>\n\n\n\n<p class=\"has-text-align-center has-neve-link-color-color has-text-color\"><em>Poradensk\u00e1 \u010dinnos\u0165 v&nbsp;oblasti person\u00e1lneho mana\u017ementu<\/em><\/p>\n\n\n\n<p class=\"has-text-align-center has-neve-link-color-color has-text-color\"><em>Poradensk\u00e1 \u010dinnos\u0165 v&nbsp;oblasti realitnej \u010dinnosti<\/em><\/p>\n\n\n\n<div style=\"height:40px\" aria-hidden=\"true\" class=\"wp-block-spacer\"><\/div>\n<\/div>\n<\/div>\n\n\n\n<div style=\"height:40px\" aria-hidden=\"true\" class=\"wp-block-spacer\"><\/div>\n<\/div><\/div>\n<\/div><\/div>\n\n\n\n<div class=\"wp-block-cover alignfull has-nv-site-bg-background-color has-background-dim\" style=\"min-height:600px\"><div class=\"wp-block-cover__inner-container\">\n<div class=\"wp-container-11 wp-block-group\"><div class=\"wp-block-group__inner-container\">\n<div style=\"height:80px\" aria-hidden=\"true\" class=\"wp-block-spacer\"><\/div>\n\n\n\n<div class=\"wp-block-image\"><figure class=\"aligncenter is-resized\"><img loading=\"lazy\" src=\"https:\/\/www.pmhouse.eu\/wp-content\/themes\/neve\/assets\/img\/starter-content\/card-04.jpg\" alt=\"\" width=\"600\" height=\"600\"\/><\/figure><\/div>\n\n\n\n<h3 class=\"has-text-align-center has-neve-text-color-color has-text-color\">Job for you<\/h3>\n<\/div><\/div>\n\n\n\n<p class=\"has-text-align-center has-neve-link-color-color has-text-color\"><em><em>Ak m\u00e1te z\u00e1ujem sta\u0165 sa stabilnou s\u00fa\u010das\u0165ou n\u00e1\u0161ho t\u00edmu nap\u00ed\u0161te n\u00e1m na ni\u017e\u0161ie uveden\u00fd kontaktn\u00fd mail. Te\u0161\u00edme sa na V\u00e1s.<\/em><\/em><\/p>\n<\/div><\/div>\n","protected":false},"excerpt":{"rendered":"","protected":false},"author":1,"featured_media":0,"parent":0,"menu_order":0,"comment_status":"closed","ping_status":"closed","template":"","meta":{"_monsterinsights_skip_tracking":false,"_monsterinsights_sitenote_active":false,"_monsterinsights_sitenote_note":"","_monsterinsights_sitenote_category":0,"neve_meta_sidebar":"","neve_meta_container":"","neve_meta_enable_content_width":"on","neve_meta_content_width":100,"neve_meta_title_alignment":"","neve_meta_author_avatar":"","neve_post_elements_order":"","neve_meta_disable_header":"","neve_meta_disable_footer":"","neve_meta_disable_title":"on"},"yoast_head":"<!-- This site is optimized with the Yoast SEO plugin v20.6 - https:\/\/yoast.com\/wordpress\/plugins\/seo\/ -->\n<title>\u010co pon\u00fakame - P&amp;M house, s.r.o. RSP<\/title>\n<meta name=\"description\" content=\"Popis slu\u017eieb a produktov ktor\u00e9 spolo\u010dnos\u0165 P&amp;M house, s.r.o. pon\u00faka svojim klientom\" \/>\n<meta name=\"robots\" content=\"index, follow, max-snippet:-1, max-image-preview:large, max-video-preview:-1\" \/>\n<link rel=\"canonical\" href=\"https:\/\/www.pmhouse.eu\/?page_id=9\" \/>\n<meta property=\"og:locale\" content=\"sk_SK\" \/>\n<meta property=\"og:type\" content=\"article\" \/>\n<meta property=\"og:title\" content=\"\u010co pon\u00fakame - P&amp;M house, s.r.o. RSP\" \/>\n<meta property=\"og:description\" content=\"Popis slu\u017eieb a produktov ktor\u00e9 spolo\u010dnos\u0165 P&amp;M house, s.r.o. pon\u00faka svojim klientom\" \/>\n<meta property=\"og:url\" content=\"https:\/\/www.pmhouse.eu\/?page_id=9\" \/>\n<meta property=\"og:site_name\" content=\"P&amp;M house, s.r.o. RSP\" \/>\n<meta property=\"article:modified_time\" content=\"2022-01-23T17:23:06+00:00\" \/>\n<meta property=\"og:image\" content=\"https:\/\/www.pmhouse.eu\/wp-content\/uploads\/2022\/01\/Series-of-Electrical-Wires-1024x719.jpg\" \/>\n<meta name=\"twitter:card\" content=\"summary_large_image\" \/>\n<meta name=\"twitter:label1\" content=\"Predpokladan\u00fd \u010das \u010d\u00edtania\" \/>\n\t<meta name=\"twitter:data1\" content=\"2 min\u00faty\" \/>\n<script type=\"application\/ld+json\" class=\"yoast-schema-graph\">{\"@context\":\"https:\/\/schema.org\",\"@graph\":[{\"@type\":\"WebPage\",\"@id\":\"https:\/\/www.pmhouse.eu\/?page_id=9\",\"url\":\"https:\/\/www.pmhouse.eu\/?page_id=9\",\"name\":\"\u010co pon\u00fakame - P&amp;M house, s.r.o. RSP\",\"isPartOf\":{\"@id\":\"https:\/\/www.pmhouse.eu\/#website\"},\"datePublished\":\"2022-01-07T06:45:57+00:00\",\"dateModified\":\"2022-01-23T17:23:06+00:00\",\"description\":\"Popis slu\u017eieb a produktov ktor\u00e9 spolo\u010dnos\u0165 P&M house, s.r.o. pon\u00faka svojim klientom\",\"breadcrumb\":{\"@id\":\"https:\/\/www.pmhouse.eu\/?page_id=9#breadcrumb\"},\"inLanguage\":\"sk-SK\",\"potentialAction\":[{\"@type\":\"ReadAction\",\"target\":[\"https:\/\/www.pmhouse.eu\/?page_id=9\"]}]},{\"@type\":\"BreadcrumbList\",\"@id\":\"https:\/\/www.pmhouse.eu\/?page_id=9#breadcrumb\",\"itemListElement\":[{\"@type\":\"ListItem\",\"position\":1,\"name\":\"Home\",\"item\":\"https:\/\/www.pmhouse.eu\/\"},{\"@type\":\"ListItem\",\"position\":2,\"name\":\"\u010co pon\u00fakame\"}]},{\"@type\":\"WebSite\",\"@id\":\"https:\/\/www.pmhouse.eu\/#website\",\"url\":\"https:\/\/www.pmhouse.eu\/\",\"name\":\"P&amp;M house, s.r.o. RSP\",\"description\":\"V\u0161etko pod jednou strechou\",\"publisher\":{\"@id\":\"https:\/\/www.pmhouse.eu\/#organization\"},\"potentialAction\":[{\"@type\":\"SearchAction\",\"target\":{\"@type\":\"EntryPoint\",\"urlTemplate\":\"https:\/\/www.pmhouse.eu\/?s={search_term_string}\"},\"query-input\":\"required name=search_term_string\"}],\"inLanguage\":\"sk-SK\"},{\"@type\":\"Organization\",\"@id\":\"https:\/\/www.pmhouse.eu\/#organization\",\"name\":\"P&amp;M house, s.r.o. RSP\",\"url\":\"https:\/\/www.pmhouse.eu\/\",\"logo\":{\"@type\":\"ImageObject\",\"inLanguage\":\"sk-SK\",\"@id\":\"https:\/\/www.pmhouse.eu\/#\/schema\/logo\/image\/\",\"url\":\"https:\/\/www.pmhouse.eu\/wp-content\/uploads\/2022\/01\/logo-hneda.png\",\"contentUrl\":\"https:\/\/www.pmhouse.eu\/wp-content\/uploads\/2022\/01\/logo-hneda.png\",\"width\":825,\"height\":442,\"caption\":\"P&amp;M house, s.r.o. RSP\"},\"image\":{\"@id\":\"https:\/\/www.pmhouse.eu\/#\/schema\/logo\/image\/\"}}]}<\/script>\n<!-- \/ Yoast SEO plugin. -->","yoast_head_json":{"title":"\u010co pon\u00fakame - P&amp;M house, s.r.o. RSP","description":"Popis slu\u017eieb a produktov ktor\u00e9 spolo\u010dnos\u0165 P&M house, s.r.o. pon\u00faka svojim klientom","robots":{"index":"index","follow":"follow","max-snippet":"max-snippet:-1","max-image-preview":"max-image-preview:large","max-video-preview":"max-video-preview:-1"},"canonical":"https:\/\/www.pmhouse.eu\/?page_id=9","og_locale":"sk_SK","og_type":"article","og_title":"\u010co pon\u00fakame - P&amp;M house, s.r.o. RSP","og_description":"Popis slu\u017eieb a produktov ktor\u00e9 spolo\u010dnos\u0165 P&M house, s.r.o. pon\u00faka svojim klientom","og_url":"https:\/\/www.pmhouse.eu\/?page_id=9","og_site_name":"P&amp;M house, s.r.o. RSP","article_modified_time":"2022-01-23T17:23:06+00:00","og_image":[{"url":"https:\/\/www.pmhouse.eu\/wp-content\/uploads\/2022\/01\/Series-of-Electrical-Wires-1024x719.jpg"}],"twitter_card":"summary_large_image","twitter_misc":{"Predpokladan\u00fd \u010das \u010d\u00edtania":"2 min\u00faty"},"schema":{"@context":"https:\/\/schema.org","@graph":[{"@type":"WebPage","@id":"https:\/\/www.pmhouse.eu\/?page_id=9","url":"https:\/\/www.pmhouse.eu\/?page_id=9","name":"\u010co pon\u00fakame - P&amp;M house, s.r.o. RSP","isPartOf":{"@id":"https:\/\/www.pmhouse.eu\/#website"},"datePublished":"2022-01-07T06:45:57+00:00","dateModified":"2022-01-23T17:23:06+00:00","description":"Popis slu\u017eieb a produktov ktor\u00e9 spolo\u010dnos\u0165 P&M house, s.r.o. pon\u00faka svojim klientom","breadcrumb":{"@id":"https:\/\/www.pmhouse.eu\/?page_id=9#breadcrumb"},"inLanguage":"sk-SK","potentialAction":[{"@type":"ReadAction","target":["https:\/\/www.pmhouse.eu\/?page_id=9"]}]},{"@type":"BreadcrumbList","@id":"https:\/\/www.pmhouse.eu\/?page_id=9#breadcrumb","itemListElement":[{"@type":"ListItem","position":1,"name":"Home","item":"https:\/\/www.pmhouse.eu\/"},{"@type":"ListItem","position":2,"name":"\u010co pon\u00fakame"}]},{"@type":"WebSite","@id":"https:\/\/www.pmhouse.eu\/#website","url":"https:\/\/www.pmhouse.eu\/","name":"P&amp;M house, s.r.o. RSP","description":"V\u0161etko pod jednou strechou","publisher":{"@id":"https:\/\/www.pmhouse.eu\/#organization"},"potentialAction":[{"@type":"SearchAction","target":{"@type":"EntryPoint","urlTemplate":"https:\/\/www.pmhouse.eu\/?s={search_term_string}"},"query-input":"required name=search_term_string"}],"inLanguage":"sk-SK"},{"@type":"Organization","@id":"https:\/\/www.pmhouse.eu\/#organization","name":"P&amp;M house, s.r.o. RSP","url":"https:\/\/www.pmhouse.eu\/","logo":{"@type":"ImageObject","inLanguage":"sk-SK","@id":"https:\/\/www.pmhouse.eu\/#\/schema\/logo\/image\/","url":"https:\/\/www.pmhouse.eu\/wp-content\/uploads\/2022\/01\/logo-hneda.png","contentUrl":"https:\/\/www.pmhouse.eu\/wp-content\/uploads\/2022\/01\/logo-hneda.png","width":825,"height":442,"caption":"P&amp;M house, s.r.o. RSP"},"image":{"@id":"https:\/\/www.pmhouse.eu\/#\/schema\/logo\/image\/"}}]}},"_links":{"self":[{"href":"https:\/\/www.pmhouse.eu\/index.php?rest_route=\/wp\/v2\/pages\/9"}],"collection":[{"href":"https:\/\/www.pmhouse.eu\/index.php?rest_route=\/wp\/v2\/pages"}],"about":[{"href":"https:\/\/www.pmhouse.eu\/index.php?rest_route=\/wp\/v2\/types\/page"}],"author":[{"embeddable":true,"href":"https:\/\/www.pmhouse.eu\/index.php?rest_route=\/wp\/v2\/users\/1"}],"replies":[{"embeddable":true,"href":"https:\/\/www.pmhouse.eu\/index.php?rest_route=%2Fwp%2Fv2%2Fcomments&post=9"}],"version-history":[{"count":6,"href":"https:\/\/www.pmhouse.eu\/index.php?rest_route=\/wp\/v2\/pages\/9\/revisions"}],"predecessor-version":[{"id":114,"href":"https:\/\/www.pmhouse.eu\/index.php?rest_route=\/wp\/v2\/pages\/9\/revisions\/114"}],"wp:attachment":[{"href":"https:\/\/www.pmhouse.eu\/index.php?rest_route=%2Fwp%2Fv2%2Fmedia&parent=9"}],"curies":[{"name":"wp","href":"https:\/\/api.w.org\/{rel}","templated":true}]}}